{"id":10463,"date":"2025-02-14T09:27:41","date_gmt":"2025-02-14T14:27:41","guid":{"rendered":"https:\/\/movich.cloudstudio.applying.cloud\/?page_id=10463"},"modified":"2026-03-11T12:30:57","modified_gmt":"2026-03-11T17:30:57","slug":"spa","status":"publish","type":"page","link":"https:\/\/www.movichhotels.com\/en\/spa\/","title":{"rendered":"Spa"},"content":{"rendered":"<div data-elementor-type=\"wp-page\" data-elementor-id=\"10463\" class=\"elementor elementor-10463\" data-elementor-post-type=\"page\">\n\t\t\t\t<div class=\"elementor-element elementor-element-2669a82 e-flex e-con-boxed e-con e-parent\" data-id=\"2669a82\" data-element_type=\"container\" data-e-type=\"container\">\n\t\t\t\t\t<div class=\"e-con-inner\">\n\t\t\t\t<div class=\"elementor-element elementor-element-f31e136 elementor-widget__width-initial elementor-widget elementor-widget-thim-ekits-heading\" data-id=\"f31e136\" data-element_type=\"widget\" data-e-type=\"widget\" data-widget_type=\"thim-ekits-heading.default\">\n\t\t\t\t<div class=\"elementor-widget-container\">\n\t\t\t\t\t<div class=\"thim-ekits-heading thim-ekit__heading\"><h1 class=\"title\">Spa's Movich Hotels<\/h1><\/div>\t\t\t\t<\/div>\n\t\t\t\t<\/div>\n\t\t\t\t<div class=\"elementor-element elementor-element-a17b629 elementor-widget__width-initial elementor-widget elementor-widget-thim-ekits-heading\" data-id=\"a17b629\" data-element_type=\"widget\" data-e-type=\"widget\" data-widget_type=\"thim-ekits-heading.default\">\n\t\t\t\t<div class=\"elementor-widget-container\">\n\t\t\t\t\t<div class=\"thim-ekits-heading thim-ekit__heading\"><p class=\"sub-heading\">Immerse yourself in absolute relaxation in our exclusive SPA!<br><br>\n\nDisconnect from the world and let yourself be carried away by an oasis of tranquility. Our expert therapists are ready to provide you with a unique experience that will revitalize your body, mind and spirit.<br>\n\nEnjoy our rejuvenating massages, revitalizing facial treatments and hydrotherapy circuits that will transport you to a state of supreme well-being.\n\nWhat are you waiting for? Treat yourself to a moment of personal care in our SPA and let yourself be pampered, we are waiting for you with open arms!<br><\/p>\t\t\t<div class='desc'>\n\t\t\t\t<p>Click on any of the images to learn more.<\/p>\t\t\t<\/div>\n\t\t<\/div>\t\t\t\t<\/div>\n\t\t\t\t<\/div>\n\t\t\t\t\t<\/div>\n\t\t\t\t<\/div>\n\t\t<div class=\"elementor-element elementor-element-0e343b6 e-grid e-con-boxed e-con e-parent\" data-id=\"0e343b6\" data-element_type=\"container\" data-e-type=\"container\">\n\t\t\t\t\t<div class=\"e-con-inner\">\n\t\t\t\t<div class=\"elementor-element elementor-element-d712d51 elementor-widget elementor-widget-image\" data-id=\"d712d51\" data-element_type=\"widget\" data-e-type=\"widget\" data-widget_type=\"image.default\">\n\t\t\t\t<div class=\"elementor-widget-container\">\n\t\t\t\t\t\t\t\t\t\t\t\t\t\t\t\t<a href=\"https:\/\/kuaspa.com\/en\" target=\"_blank\" rel=\"noopener\">\n\t\t\t\t\t\t\t<img fetchpriority=\"high\" decoding=\"async\" width=\"640\" height=\"640\" src=\"https:\/\/www.movichhotels.com\/wp-content\/uploads\/2025\/09\/kuaspa-768x768.webp\" class=\"attachment-medium_large size-medium_large wp-image-14382\" alt=\"kua-spa\" srcset=\"https:\/\/www.movichhotels.com\/wp-content\/uploads\/2025\/09\/kuaspa-768x768.webp 768w, https:\/\/www.movichhotels.com\/wp-content\/uploads\/2025\/09\/kuaspa-300x300.webp 300w, https:\/\/www.movichhotels.com\/wp-content\/uploads\/2025\/09\/kuaspa-150x150.webp 150w, https:\/\/www.movichhotels.com\/wp-content\/uploads\/2025\/09\/kuaspa-12x12.webp 12w, https:\/\/www.movichhotels.com\/wp-content\/uploads\/2025\/09\/kuaspa.webp 1000w\" sizes=\"(max-width: 640px) 100vw, 640px\" title=\"\">\t\t\t\t\t\t\t\t<\/a>\n\t\t\t\t\t\t\t\t\t\t\t\t\t\t\t<\/div>\n\t\t\t\t<\/div>\n\t\t\t\t<div class=\"elementor-element elementor-element-89d09a6 elementor-widget elementor-widget-image\" data-id=\"89d09a6\" data-element_type=\"widget\" data-e-type=\"widget\" data-widget_type=\"image.default\">\n\t\t\t\t<div class=\"elementor-widget-container\">\n\t\t\t\t\t\t\t\t\t\t\t\t\t\t\t\t<a href=\"https:\/\/drive.google.com\/file\/d\/1TTc9fFJcCMVFlclPIsZhtAQeK1xR3vV5\/view\" target=\"_blank\" rel=\"noopener\">\n\t\t\t\t\t\t\t<img decoding=\"async\" width=\"640\" height=\"640\" src=\"https:\/\/www.movichhotels.com\/wp-content\/uploads\/2025\/09\/spa-b26-768x768.webp\" class=\"attachment-medium_large size-medium_large wp-image-14383\" alt=\"spa-buro26\" srcset=\"https:\/\/www.movichhotels.com\/wp-content\/uploads\/2025\/09\/spa-b26-768x768.webp 768w, https:\/\/www.movichhotels.com\/wp-content\/uploads\/2025\/09\/spa-b26-300x300.webp 300w, https:\/\/www.movichhotels.com\/wp-content\/uploads\/2025\/09\/spa-b26-150x150.webp 150w, https:\/\/www.movichhotels.com\/wp-content\/uploads\/2025\/09\/spa-b26-12x12.webp 12w, https:\/\/www.movichhotels.com\/wp-content\/uploads\/2025\/09\/spa-b26.webp 1000w\" sizes=\"(max-width: 640px) 100vw, 640px\" title=\"\">\t\t\t\t\t\t\t\t<\/a>\n\t\t\t\t\t\t\t\t\t\t\t\t\t\t\t<\/div>\n\t\t\t\t<\/div>\n\t\t\t\t<div class=\"elementor-element elementor-element-5436a20 elementor-widget elementor-widget-image\" data-id=\"5436a20\" data-element_type=\"widget\" data-e-type=\"widget\" data-widget_type=\"image.default\">\n\t\t\t\t<div class=\"elementor-widget-container\">\n\t\t\t\t\t\t\t\t\t\t\t\t\t\t\t\t<a href=\"https:\/\/drive.google.com\/file\/d\/1Due8WdvkGuxMt9mMt-O5ZxpgLW-6CBSN\/view\" target=\"_blank\" rel=\"noopener\">\n\t\t\t\t\t\t\t<img decoding=\"async\" width=\"640\" height=\"640\" src=\"https:\/\/www.movichhotels.com\/wp-content\/uploads\/2025\/09\/spa-b51.webp\" class=\"attachment-large size-large wp-image-14384\" alt=\"spa-buro51\" srcset=\"https:\/\/www.movichhotels.com\/wp-content\/uploads\/2025\/09\/spa-b51.webp 1000w, https:\/\/www.movichhotels.com\/wp-content\/uploads\/2025\/09\/spa-b51-300x300.webp 300w, https:\/\/www.movichhotels.com\/wp-content\/uploads\/2025\/09\/spa-b51-150x150.webp 150w, https:\/\/www.movichhotels.com\/wp-content\/uploads\/2025\/09\/spa-b51-768x768.webp 768w, https:\/\/www.movichhotels.com\/wp-content\/uploads\/2025\/09\/spa-b51-12x12.webp 12w\" sizes=\"(max-width: 640px) 100vw, 640px\" title=\"\">\t\t\t\t\t\t\t\t<\/a>\n\t\t\t\t\t\t\t\t\t\t\t\t\t\t\t<\/div>\n\t\t\t\t<\/div>\n\t\t\t\t<div class=\"elementor-element elementor-element-c3b9ce9 elementor-widget elementor-widget-image\" data-id=\"c3b9ce9\" data-element_type=\"widget\" data-e-type=\"widget\" data-widget_type=\"image.default\">\n\t\t\t\t<div class=\"elementor-widget-container\">\n\t\t\t\t\t\t\t\t\t\t\t\t\t\t\t\t<a href=\"https:\/\/ambientes.movichhotels.com\/es\/cartagena\/spa\/\" target=\"_blank\">\n\t\t\t\t\t\t\t<img loading=\"lazy\" decoding=\"async\" width=\"640\" height=\"640\" src=\"https:\/\/www.movichhotels.com\/wp-content\/uploads\/2025\/09\/spa-ctg.webp\" class=\"attachment-large size-large wp-image-14385\" alt=\"spa-cartagena\" srcset=\"https:\/\/www.movichhotels.com\/wp-content\/uploads\/2025\/09\/spa-ctg.webp 1000w, https:\/\/www.movichhotels.com\/wp-content\/uploads\/2025\/09\/spa-ctg-300x300.webp 300w, https:\/\/www.movichhotels.com\/wp-content\/uploads\/2025\/09\/spa-ctg-150x150.webp 150w, https:\/\/www.movichhotels.com\/wp-content\/uploads\/2025\/09\/spa-ctg-768x768.webp 768w, https:\/\/www.movichhotels.com\/wp-content\/uploads\/2025\/09\/spa-ctg-12x12.webp 12w\" sizes=\"(max-width: 640px) 100vw, 640px\" title=\"\">\t\t\t\t\t\t\t\t<\/a>\n\t\t\t\t\t\t\t\t\t\t\t\t\t\t\t<\/div>\n\t\t\t\t<\/div>\n\t\t\t\t<div class=\"elementor-element elementor-element-ef0a66c elementor-widget elementor-widget-image\" data-id=\"ef0a66c\" data-element_type=\"widget\" data-e-type=\"widget\" data-widget_type=\"image.default\">\n\t\t\t\t<div class=\"elementor-widget-container\">\n\t\t\t\t\t\t\t\t\t\t\t\t\t\t\t\t<a href=\"https:\/\/ambientes.movichhotels.com\/wp-content\/uploads\/2024\/12\/Spa-Pereira.pdf\" target=\"_blank\">\n\t\t\t\t\t\t\t<img loading=\"lazy\" decoding=\"async\" width=\"640\" height=\"640\" src=\"https:\/\/www.movichhotels.com\/wp-content\/uploads\/2025\/09\/spa-pereira.webp\" class=\"attachment-large size-large wp-image-14386\" alt=\"spa-pereira\" srcset=\"https:\/\/www.movichhotels.com\/wp-content\/uploads\/2025\/09\/spa-pereira.webp 1000w, https:\/\/www.movichhotels.com\/wp-content\/uploads\/2025\/09\/spa-pereira-300x300.webp 300w, https:\/\/www.movichhotels.com\/wp-content\/uploads\/2025\/09\/spa-pereira-150x150.webp 150w, https:\/\/www.movichhotels.com\/wp-content\/uploads\/2025\/09\/spa-pereira-768x768.webp 768w, https:\/\/www.movichhotels.com\/wp-content\/uploads\/2025\/09\/spa-pereira-12x12.webp 12w\" sizes=\"(max-width: 640px) 100vw, 640px\" title=\"\">\t\t\t\t\t\t\t\t<\/a>\n\t\t\t\t\t\t\t\t\t\t\t\t\t\t\t<\/div>\n\t\t\t\t<\/div>\n\t\t\t\t\t<\/div>\n\t\t\t\t<\/div>\n\t\t\t\t<\/div>","protected":false},"excerpt":{"rendered":"<p>Spa&#8217;s Movich Hotels \u00a1Sum\u00e9rgete en la relajaci\u00f3n absoluta en nuestros exclusivos SPA! Descon\u00e9ctate del mundo y d\u00e9jate llevar por un oasis de tranquilidad. Nuestros terapeutas expertos est\u00e1n listos para brindarte una experiencia \u00fanica que revitalizar\u00e1 tu cuerpo, mente y esp\u00edritu. Disfruta de nuestros masajes rejuvenecedores, tratamientos faciales revitalizantes y circuitos de hidroterapia que te transportar\u00e1n [&hellip;]<\/p>\n","protected":false},"author":1,"featured_media":0,"parent":0,"menu_order":0,"comment_status":"closed","ping_status":"closed","template":"elementor_header_footer","meta":{"footnotes":""},"class_list":["post-10463","page","type-page","status-publish","hentry"],"_links":{"self":[{"href":"https:\/\/www.movichhotels.com\/en\/wp-json\/wp\/v2\/pages\/10463","targetHints":{"allow":["GET"]}}],"collection":[{"href":"https:\/\/www.movichhotels.com\/en\/wp-json\/wp\/v2\/pages"}],"about":[{"href":"https:\/\/www.movichhotels.com\/en\/wp-json\/wp\/v2\/types\/page"}],"author":[{"embeddable":true,"href":"https:\/\/www.movichhotels.com\/en\/wp-json\/wp\/v2\/users\/1"}],"replies":[{"embeddable":true,"href":"https:\/\/www.movichhotels.com\/en\/wp-json\/wp\/v2\/comments?post=10463"}],"version-history":[{"count":38,"href":"https:\/\/www.movichhotels.com\/en\/wp-json\/wp\/v2\/pages\/10463\/revisions"}],"predecessor-version":[{"id":17771,"href":"https:\/\/www.movichhotels.com\/en\/wp-json\/wp\/v2\/pages\/10463\/revisions\/17771"}],"wp:attachment":[{"href":"https:\/\/www.movichhotels.com\/en\/wp-json\/wp\/v2\/media?parent=10463"}],"curies":[{"name":"wp","href":"https:\/\/api.w.org\/{rel}","templated":true}]}}