{"id":13965,"date":"2025-09-12T07:18:16","date_gmt":"2025-09-12T12:18:16","guid":{"rendered":"https:\/\/movich.cloudstudio.applying.cloud\/?page_id=13965"},"modified":"2026-04-23T14:32:07","modified_gmt":"2026-04-23T19:32:07","slug":"promociones","status":"publish","type":"page","link":"https:\/\/www.movichhotels.com\/en\/promociones\/","title":{"rendered":"Promos %"},"content":{"rendered":"<div data-elementor-type=\"wp-post\" data-elementor-id=\"13965\" class=\"elementor elementor-13965\" data-elementor-post-type=\"page\">\n\t\t\t\t<div class=\"elementor-element elementor-element-b28d880 e-flex e-con-boxed e-con e-parent\" data-id=\"b28d880\" data-element_type=\"container\" data-e-type=\"container\">\n\t\t\t\t\t<div class=\"e-con-inner\">\n\t\t\t\t<div class=\"elementor-element elementor-element-f0f0893 elementor-widget elementor-widget-heading\" data-id=\"f0f0893\" data-element_type=\"widget\" data-e-type=\"widget\" data-widget_type=\"heading.default\">\n\t\t\t\t<div class=\"elementor-widget-container\">\n\t\t\t\t\t<h1 class=\"elementor-heading-title elementor-size-default\">Exclusive Promotions<\/h1>\t\t\t\t<\/div>\n\t\t\t\t<\/div>\n\t\t\t\t\t<\/div>\n\t\t\t\t<\/div>\n\t\t<div class=\"elementor-element elementor-element-fdb1472 e-flex e-con-boxed e-con e-parent\" data-id=\"fdb1472\" data-element_type=\"container\" data-e-type=\"container\">\n\t\t\t\t\t<div class=\"e-con-inner\">\n\t\t<div class=\"elementor-element elementor-element-eba1c39 e-con-full e-flex e-con e-child\" data-id=\"eba1c39\" data-element_type=\"container\" data-e-type=\"container\">\n\t\t\t\t<div class=\"elementor-element elementor-element-1dae4ed elementor-widget elementor-widget-image\" data-id=\"1dae4ed\" data-element_type=\"widget\" data-e-type=\"widget\" data-widget_type=\"image.default\">\n\t\t\t\t<div class=\"elementor-widget-container\">\n\t\t\t\t\t\t\t\t\t\t\t\t\t\t\t<img fetchpriority=\"high\" decoding=\"async\" width=\"640\" height=\"676\" src=\"https:\/\/www.movichhotels.com\/wp-content\/uploads\/2026\/03\/movich-si-te-da-mas-768x811.webp\" class=\"attachment-medium_large size-medium_large wp-image-18060\" alt=\"movich-si-te-da-mas\" srcset=\"https:\/\/www.movichhotels.com\/wp-content\/uploads\/2026\/03\/movich-si-te-da-mas-768x811.webp 768w, https:\/\/www.movichhotels.com\/wp-content\/uploads\/2026\/03\/movich-si-te-da-mas-284x300.webp 284w, https:\/\/www.movichhotels.com\/wp-content\/uploads\/2026\/03\/movich-si-te-da-mas-969x1024.webp 969w, https:\/\/www.movichhotels.com\/wp-content\/uploads\/2026\/03\/movich-si-te-da-mas-11x12.webp 11w, https:\/\/www.movichhotels.com\/wp-content\/uploads\/2026\/03\/movich-si-te-da-mas.webp 1080w\" sizes=\"(max-width: 640px) 100vw, 640px\" title=\"\">\t\t\t\t\t\t\t\t\t\t\t\t\t\t\t<\/div>\n\t\t\t\t<\/div>\n\t\t\t\t<div class=\"elementor-element elementor-element-8574751 elementor-widget elementor-widget-heading\" data-id=\"8574751\" data-element_type=\"widget\" data-e-type=\"widget\" data-widget_type=\"heading.default\">\n\t\t\t\t<div class=\"elementor-widget-container\">\n\t\t\t\t\t<h3 class=\"elementor-heading-title elementor-size-default\">Yes with Movich, it gives you more.<\/h3>\t\t\t\t<\/div>\n\t\t\t\t<\/div>\n\t\t\t\t<div class=\"elementor-element elementor-element-02e08ef elementor-widget__width-initial elementor-widget elementor-widget-text-editor\" data-id=\"02e08ef\" data-element_type=\"widget\" data-e-type=\"widget\" data-widget_type=\"text-editor.default\">\n\t\t\t\t<div class=\"elementor-widget-container\">\n\t\t\t\t\t\t\t\t\t<p>You choose how to enjoy your stay \u2728: receive a room upgrade, a special dinner, or a complimentary drink. Plus, book with the code <strong data-start=\"145\" data-end=\"152\">MAS<\/strong> and get a <strong data-start=\"164\" data-end=\"184\">15% OFF<\/strong> in your reservation.<\/p>\t\t\t\t\t\t\t\t<\/div>\n\t\t\t\t<\/div>\n\t\t\t\t<div class=\"elementor-element elementor-element-8298072 elementor-widget elementor-widget-thim-ekits-button\" data-id=\"8298072\" data-element_type=\"widget\" data-e-type=\"widget\" data-widget_type=\"thim-ekits-button.default\">\n\t\t\t\t<div class=\"elementor-widget-container\">\n\t\t\t\t\t\n\t\t<div class=\"thim-ekits-button\">\n\t\t\t<a href=\"\/en\/mas\/\" role=\"button\">\n\t\t\t\t<span class=\"button-content-wrapper\">\n\t\t\t\t\tBook here\t\t\t\t<\/span>\n\t\t\t<\/a>\n\t\t<\/div>\n\n\t\t\t\t\t\t<\/div>\n\t\t\t\t<\/div>\n\t\t\t\t<\/div>\n\t\t<div class=\"elementor-element elementor-element-011a3ef e-con-full elementor-hidden-desktop elementor-hidden-tablet elementor-hidden-mobile e-flex e-con e-child\" data-id=\"011a3ef\" data-element_type=\"container\" data-e-type=\"container\">\n\t\t\t\t<div class=\"elementor-element elementor-element-1943722 elementor-widget elementor-widget-image\" data-id=\"1943722\" data-element_type=\"widget\" data-e-type=\"widget\" data-widget_type=\"image.default\">\n\t\t\t\t<div class=\"elementor-widget-container\">\n\t\t\t\t\t\t\t\t\t\t\t\t\t\t\t<img decoding=\"async\" width=\"640\" height=\"638\" src=\"https:\/\/www.movichhotels.com\/wp-content\/uploads\/2026\/03\/Semana-santa-con-movich-en.webp\" class=\"attachment-medium_large size-medium_large wp-image-18121\" alt=\"Semana-santa-con-movich\" srcset=\"https:\/\/www.movichhotels.com\/wp-content\/uploads\/2026\/03\/Semana-santa-con-movich-en.webp 1000w, https:\/\/www.movichhotels.com\/wp-content\/uploads\/2026\/03\/Semana-santa-con-movich-en-300x300.webp 300w, https:\/\/www.movichhotels.com\/wp-content\/uploads\/2026\/03\/Semana-santa-con-movich-en-150x150.webp 150w, https:\/\/www.movichhotels.com\/wp-content\/uploads\/2026\/03\/Semana-santa-con-movich-en-768x766.webp 768w, https:\/\/www.movichhotels.com\/wp-content\/uploads\/2026\/03\/Semana-santa-con-movich-en-12x12.webp 12w\" sizes=\"(max-width: 640px) 100vw, 640px\" title=\"\">\t\t\t\t\t\t\t\t\t\t\t\t\t\t\t<\/div>\n\t\t\t\t<\/div>\n\t\t\t\t<div class=\"elementor-element elementor-element-562a0d1 elementor-widget elementor-widget-heading\" data-id=\"562a0d1\" data-element_type=\"widget\" data-e-type=\"widget\" data-widget_type=\"heading.default\">\n\t\t\t\t<div class=\"elementor-widget-container\">\n\t\t\t\t\t<h3 class=\"elementor-heading-title elementor-size-default\">Holy Week? Yes, with Movich<\/h3>\t\t\t\t<\/div>\n\t\t\t\t<\/div>\n\t\t\t\t<div class=\"elementor-element elementor-element-ecf5879 elementor-widget__width-initial elementor-widget elementor-widget-text-editor\" data-id=\"ecf5879\" data-element_type=\"widget\" data-e-type=\"widget\" data-widget_type=\"text-editor.default\">\n\t\t\t\t<div class=\"elementor-widget-container\">\n\t\t\t\t\t\t\t\t\t<p>Enjoy Easter Week at Movich: a vacation full of fun, relaxation and unique experiences all in one place.\u00a0<\/p>\t\t\t\t\t\t\t\t<\/div>\n\t\t\t\t<\/div>\n\t\t\t\t<div class=\"elementor-element elementor-element-438cad6 elementor-widget elementor-widget-thim-ekits-button\" data-id=\"438cad6\" data-element_type=\"widget\" data-e-type=\"widget\" data-widget_type=\"thim-ekits-button.default\">\n\t\t\t\t<div class=\"elementor-widget-container\">\n\t\t\t\t\t\n\t\t<div class=\"thim-ekits-button\">\n\t\t\t<a href=\"\/en\/promociones\/semana-santa\/\" role=\"button\">\n\t\t\t\t<span class=\"button-content-wrapper\">\n\t\t\t\t\tBook here\t\t\t\t<\/span>\n\t\t\t<\/a>\n\t\t<\/div>\n\n\t\t\t\t\t\t<\/div>\n\t\t\t\t<\/div>\n\t\t\t\t<\/div>\n\t\t<div class=\"elementor-element elementor-element-5438933 e-con-full elementor-hidden-desktop elementor-hidden-tablet elementor-hidden-mobile e-flex e-con e-child\" data-id=\"5438933\" data-element_type=\"container\" data-e-type=\"container\">\n\t\t\t\t<div class=\"elementor-element elementor-element-719cd58 elementor-widget elementor-widget-image\" data-id=\"719cd58\" data-element_type=\"widget\" data-e-type=\"widget\" data-widget_type=\"image.default\">\n\t\t\t\t<div class=\"elementor-widget-container\">\n\t\t\t\t\t\t\t\t\t\t\t\t\t\t\t<img decoding=\"async\" width=\"640\" height=\"640\" src=\"https:\/\/www.movichhotels.com\/wp-content\/uploads\/2026\/03\/ficci-festival-eng.webp\" class=\"attachment-medium_large size-medium_large wp-image-18127\" alt=\"FICCI - Festival Internacional de Cine\" srcset=\"https:\/\/www.movichhotels.com\/wp-content\/uploads\/2026\/03\/ficci-festival-eng.webp 1001w, https:\/\/www.movichhotels.com\/wp-content\/uploads\/2026\/03\/ficci-festival-eng-300x300.webp 300w, https:\/\/www.movichhotels.com\/wp-content\/uploads\/2026\/03\/ficci-festival-eng-150x150.webp 150w, https:\/\/www.movichhotels.com\/wp-content\/uploads\/2026\/03\/ficci-festival-eng-768x768.webp 768w, https:\/\/www.movichhotels.com\/wp-content\/uploads\/2026\/03\/ficci-festival-eng-12x12.webp 12w\" sizes=\"(max-width: 640px) 100vw, 640px\" title=\"\">\t\t\t\t\t\t\t\t\t\t\t\t\t\t\t<\/div>\n\t\t\t\t<\/div>\n\t\t\t\t<div class=\"elementor-element elementor-element-9c9380f elementor-widget elementor-widget-heading\" data-id=\"9c9380f\" data-element_type=\"widget\" data-e-type=\"widget\" data-widget_type=\"heading.default\">\n\t\t\t\t<div class=\"elementor-widget-container\">\n\t\t\t\t\t<h3 class=\"elementor-heading-title elementor-size-default\">Attend FICCI at Movich Cartagena<\/h3>\t\t\t\t<\/div>\n\t\t\t\t<\/div>\n\t\t\t\t<div class=\"elementor-element elementor-element-31379ff elementor-widget__width-initial elementor-widget elementor-widget-text-editor\" data-id=\"31379ff\" data-element_type=\"widget\" data-e-type=\"widget\" data-widget_type=\"text-editor.default\">\n\t\t\t\t<div class=\"elementor-widget-container\">\n\t\t\t\t\t\t\t\t\t<p>Attend the FICCI International Film Festival between April 13 and 20 and stay at the Movich Cartagena de Indias hotel at a special rate.<\/p>\t\t\t\t\t\t\t\t<\/div>\n\t\t\t\t<\/div>\n\t\t\t\t<div class=\"elementor-element elementor-element-0463851 elementor-widget elementor-widget-thim-ekits-button\" data-id=\"0463851\" data-element_type=\"widget\" data-e-type=\"widget\" data-widget_type=\"thim-ekits-button.default\">\n\t\t\t\t<div class=\"elementor-widget-container\">\n\t\t\t\t\t\n\t\t<div class=\"thim-ekits-button\">\n\t\t\t<a href=\"\/en\/ficcifestival\/\" role=\"button\">\n\t\t\t\t<span class=\"button-content-wrapper\">\n\t\t\t\t\tBook here\t\t\t\t<\/span>\n\t\t\t<\/a>\n\t\t<\/div>\n\n\t\t\t\t\t\t<\/div>\n\t\t\t\t<\/div>\n\t\t\t\t<\/div>\n\t\t\t\t\t<\/div>\n\t\t\t\t<\/div>\n\t\t<div class=\"elementor-element elementor-element-5f23148 e-flex e-con-boxed e-con e-parent\" data-id=\"5f23148\" data-element_type=\"container\" data-e-type=\"container\">\n\t\t\t\t\t<div class=\"e-con-inner\">\n\t\t\t\t<div class=\"elementor-element elementor-element-8f56d05 elementor-widget elementor-widget-spacer\" data-id=\"8f56d05\" data-element_type=\"widget\" data-e-type=\"widget\" data-widget_type=\"spacer.default\">\n\t\t\t\t<div class=\"elementor-widget-container\">\n\t\t\t\t\t\t\t<div class=\"elementor-spacer\">\n\t\t\t<div class=\"elementor-spacer-inner\"><\/div>\n\t\t<\/div>\n\t\t\t\t\t\t<\/div>\n\t\t\t\t<\/div>\n\t\t\t\t\t<\/div>\n\t\t\t\t<\/div>\n\t\t\t\t<\/div>","protected":false},"excerpt":{"rendered":"<p>Promociones Exclusivas Movich S\u00ed Te Da M\u00e1s T\u00fa eliges c\u00f3mo disfrutar tu estad\u00eda \u2728: recibe un upgrade de habitaci\u00f3n, una cena especial o un drink para brindar. Adem\u00e1s, reserva con el c\u00f3digo MAS y obt\u00e9n un 15% de descuento en tu reserva. Reserva aqu\u00ed \u00bfSemana Santa? S\u00ed, con Movich Disfruta Semana Santa en Movich: vacaciones [&hellip;]<\/p>\n","protected":false},"author":1,"featured_media":0,"parent":0,"menu_order":0,"comment_status":"closed","ping_status":"closed","template":"elementor_header_footer","meta":{"footnotes":""},"class_list":["post-13965","page","type-page","status-publish","hentry"],"_links":{"self":[{"href":"https:\/\/www.movichhotels.com\/en\/wp-json\/wp\/v2\/pages\/13965","targetHints":{"allow":["GET"]}}],"collection":[{"href":"https:\/\/www.movichhotels.com\/en\/wp-json\/wp\/v2\/pages"}],"about":[{"href":"https:\/\/www.movichhotels.com\/en\/wp-json\/wp\/v2\/types\/page"}],"author":[{"embeddable":true,"href":"https:\/\/www.movichhotels.com\/en\/wp-json\/wp\/v2\/users\/1"}],"replies":[{"embeddable":true,"href":"https:\/\/www.movichhotels.com\/en\/wp-json\/wp\/v2\/comments?post=13965"}],"version-history":[{"count":34,"href":"https:\/\/www.movichhotels.com\/en\/wp-json\/wp\/v2\/pages\/13965\/revisions"}],"predecessor-version":[{"id":18922,"href":"https:\/\/www.movichhotels.com\/en\/wp-json\/wp\/v2\/pages\/13965\/revisions\/18922"}],"wp:attachment":[{"href":"https:\/\/www.movichhotels.com\/en\/wp-json\/wp\/v2\/media?parent=13965"}],"curies":[{"name":"wp","href":"https:\/\/api.w.org\/{rel}","templated":true}]}}