{"id":1729,"date":"2015-07-11T04:05:01","date_gmt":"2015-07-11T04:05:01","guid":{"rendered":"http:\/\/demo.thimpress.com\/resca\/?page_id=1729"},"modified":"2026-03-09T11:19:32","modified_gmt":"2026-03-09T16:19:32","slug":"blog","status":"publish","type":"page","link":"https:\/\/www.movichhotels.com\/en\/blog\/","title":{"rendered":"Latest News"},"content":{"rendered":"\t\t<div data-elementor-type=\"wp-page\" data-elementor-id=\"1729\" class=\"elementor elementor-1729\" data-elementor-post-type=\"page\">\n\t\t\t\t<div class=\"elementor-element elementor-element-d119169 e-flex e-con-boxed e-con e-parent\" data-id=\"d119169\" data-element_type=\"container\" data-e-type=\"container\">\n\t\t\t\t\t<div class=\"e-con-inner\">\n\t\t\t\t<div class=\"elementor-element elementor-element-783b295 elementor-widget elementor-widget-heading\" data-id=\"783b295\" data-element_type=\"widget\" data-e-type=\"widget\" data-widget_type=\"heading.default\">\n\t\t\t\t<div class=\"elementor-widget-container\">\n\t\t\t\t\t<h1 class=\"elementor-heading-title elementor-size-default\">\u00daltimas Noticias<\/h1>\t\t\t\t<\/div>\n\t\t\t\t<\/div>\n\t\t\t\t\t<\/div>\n\t\t\t\t<\/div>\n\t\t<div class=\"elementor-element elementor-element-f4777db e-flex e-con-boxed e-con e-parent\" data-id=\"f4777db\" data-element_type=\"container\" data-e-type=\"container\">\n\t\t\t\t\t<div class=\"e-con-inner\">\n\t\t\t\t<div class=\"elementor-element elementor-element-b6987cd thim-ekits-post__thumbnail-position-left elementor-widget elementor-widget-thim-ekits-list-blog\" data-id=\"b6987cd\" data-element_type=\"widget\" data-e-type=\"widget\" data-widget_type=\"thim-ekits-list-blog.default\">\n\t\t\t\t<div class=\"elementor-widget-container\">\n\t\t\t\t\t\t\t\t<div class=\"thim-ekits-post\">\n\t\t\t\t<div class=\"thim-ekits-post__inner\">\n\t\t\t\t\t\t\t<div class=\"thim-ekits-post__article post-15627 post type-post status-publish format-standard has-post-thumbnail hentry category-uncategorized\">\n\t\t\t\t\t\t\t\t\t<div class=\"thim-ekits-post__thumbnail\">\n\t\t\t<a class=\"post-thumbnail\" href=\"https:\/\/www.movichhotels.com\/en\/intercontinental-movich-medellin-55-anos-de-legado\/\">\n\t\t\t\t<img fetchpriority=\"high\" decoding=\"async\" width=\"300\" height=\"225\" src=\"https:\/\/www.movichhotels.com\/wp-content\/uploads\/2025\/11\/1763564117992-300x225.jpeg\" class=\"attachment-medium size-medium wp-image-15631\" alt=\"\" title=\"\" srcset=\"https:\/\/www.movichhotels.com\/wp-content\/uploads\/2025\/11\/1763564117992-300x225.jpeg 300w, https:\/\/www.movichhotels.com\/wp-content\/uploads\/2025\/11\/1763564117992-1024x769.jpeg 1024w, https:\/\/www.movichhotels.com\/wp-content\/uploads\/2025\/11\/1763564117992-768x577.jpeg 768w, https:\/\/www.movichhotels.com\/wp-content\/uploads\/2025\/11\/1763564117992-1536x1154.jpeg 1536w, https:\/\/www.movichhotels.com\/wp-content\/uploads\/2025\/11\/1763564117992-16x12.jpeg 16w, https:\/\/www.movichhotels.com\/wp-content\/uploads\/2025\/11\/1763564117992-600x451.jpeg 600w, https:\/\/www.movichhotels.com\/wp-content\/uploads\/2025\/11\/1763564117992.jpeg 2045w\" sizes=\"(max-width: 300px) 100vw, 300px\" \/>\t\t\t<\/a>\n\t\t\t\t\t<\/div>\n\t\t\n\t\t\t\t\t\t<div class=\"thim-ekits-post__content\">\n\t\t\t\t<h3 class=\"thim-ekits-post__title\">\n\t\t<a href=\"https:\/\/www.movichhotels.com\/en\/intercontinental-movich-medellin-55-anos-de-legado\/\">\n\t\t\tIntercontinental Movich Medell\u00edn &#8211; 55 a\u00f1os de legado\t\t<\/a>\n\t\t<\/h3>\n\t\t \t\t<div class=\"thim-ekits-post__meta elementor-repeater-item-79c8487 m-psi-start \">\n\t\t\t\n\t\t<span class=\"thim-ekits-post__date\">\n\t\t\t\t\t\t12\/11\/2025\t\t<\/span>\n\n\t\t\t\t<span class=\"thim-ekits-post__author\">\n\t\t\t\t\t\tMovich Hotels\t\t<\/span>\n\t\t\t\t<\/div>\n\n\t\t\n\t\t<div class=\"thim-ekits-post__excerpt\">\n\t\t\tEl #InterContinentalMovichMedell\u00edn, celebr\u00f3 55 a\u00f1os de legado y hoy se renueva para seguir siendo un \u00edcono en #Medell\u00edn y\u00a0#Colombia. En un momento clave para el #turismo del pa\u00eds, cuando la demanda por experiencias premium y sostenibles crece a doble digito; Este proyecto aporta directamente a la competitividad de Medell\u00edn como destino #internacional de#negocios, #eventos y [&hellip;]\t\t<\/div>\n\n\t\t\t\t<a class=\"thim-ekits-post__read-more\" href=\"https:\/\/www.movichhotels.com\/en\/intercontinental-movich-medellin-55-anos-de-legado\/\">\n\t\t\tLeer m\u00e1s \u00bb\t\t\t\t\t<\/a>\n\t\t\t\t<\/div>\n\t\t\t\t\t\t\t<\/div>\n\t\t\t\t\t\t<\/div>\n\t\t\t<\/div>\n\n\t\t\t\t\t\t\t<\/div>\n\t\t\t\t<\/div>\n\t\t\t\t\t<\/div>\n\t\t\t\t<\/div>\n\t\t<div class=\"elementor-element elementor-element-f497257 e-flex e-con-boxed e-con e-parent\" data-id=\"f497257\" data-element_type=\"container\" data-e-type=\"container\">\n\t\t\t\t\t<div class=\"e-con-inner\">\n\t\t\t\t<div class=\"elementor-element elementor-element-41c59b5 elementor-widget elementor-widget-spacer\" data-id=\"41c59b5\" data-element_type=\"widget\" data-e-type=\"widget\" data-widget_type=\"spacer.default\">\n\t\t\t\t<div class=\"elementor-widget-container\">\n\t\t\t\t\t\t\t<div class=\"elementor-spacer\">\n\t\t\t<div class=\"elementor-spacer-inner\"><\/div>\n\t\t<\/div>\n\t\t\t\t\t\t<\/div>\n\t\t\t\t<\/div>\n\t\t\t\t\t<\/div>\n\t\t\t\t<\/div>\n\t\t\t\t<\/div>\n\t\t","protected":false},"excerpt":{"rendered":"<p>\u00daltimas Noticias Intercontinental Movich Medell\u00edn \u2013 55 a\u00f1os de legado 12\/11\/2025 Movich Hotels El #InterContinentalMovichMedell\u00edn, celebr\u00f3 55 a\u00f1os de legado y hoy se renueva para seguir siendo un \u00edcono en #Medell\u00edn y\u00a0#Colombia. En un momento clave para el #turismo del pa\u00eds, cuando la demanda por experiencias premium y sostenibles crece a doble digito; Este proyecto [&hellip;]<\/p>\n","protected":false},"author":1,"featured_media":0,"parent":0,"menu_order":0,"comment_status":"closed","ping_status":"closed","template":"","meta":{"footnotes":""},"class_list":["post-1729","page","type-page","status-publish","hentry"],"_links":{"self":[{"href":"https:\/\/www.movichhotels.com\/en\/wp-json\/wp\/v2\/pages\/1729","targetHints":{"allow":["GET"]}}],"collection":[{"href":"https:\/\/www.movichhotels.com\/en\/wp-json\/wp\/v2\/pages"}],"about":[{"href":"https:\/\/www.movichhotels.com\/en\/wp-json\/wp\/v2\/types\/page"}],"author":[{"embeddable":true,"href":"https:\/\/www.movichhotels.com\/en\/wp-json\/wp\/v2\/users\/1"}],"replies":[{"embeddable":true,"href":"https:\/\/www.movichhotels.com\/en\/wp-json\/wp\/v2\/comments?post=1729"}],"version-history":[{"count":17,"href":"https:\/\/www.movichhotels.com\/en\/wp-json\/wp\/v2\/pages\/1729\/revisions"}],"predecessor-version":[{"id":17557,"href":"https:\/\/www.movichhotels.com\/en\/wp-json\/wp\/v2\/pages\/1729\/revisions\/17557"}],"wp:attachment":[{"href":"https:\/\/www.movichhotels.com\/en\/wp-json\/wp\/v2\/media?parent=1729"}],"curies":[{"name":"wp","href":"https:\/\/api.w.org\/{rel}","templated":true}]}}