{"id":9082,"date":"2024-07-10T02:22:31","date_gmt":"2024-07-10T02:22:31","guid":{"rendered":"https:\/\/sailing.thimpress.com\/demo-11\/?page_id=9082"},"modified":"2026-03-11T12:14:49","modified_gmt":"2026-03-11T17:14:49","slug":"eventos","status":"publish","type":"page","link":"https:\/\/www.movichhotels.com\/en\/eventos\/","title":{"rendered":"Events"},"content":{"rendered":"<div data-elementor-type=\"wp-page\" data-elementor-id=\"9082\" class=\"elementor elementor-9082\" data-elementor-post-type=\"page\">\n\t\t\t\t<div class=\"elementor-element elementor-element-e5ec741 e-flex e-con-boxed e-con e-parent\" data-id=\"e5ec741\" data-element_type=\"container\" data-e-type=\"container\">\n\t\t\t\t\t<div class=\"e-con-inner\">\n\t\t\t\t<div class=\"elementor-element elementor-element-87f03af elementor-widget elementor-widget-spacer\" data-id=\"87f03af\" data-element_type=\"widget\" data-e-type=\"widget\" data-widget_type=\"spacer.default\">\n\t\t\t\t<div class=\"elementor-widget-container\">\n\t\t\t\t\t\t\t<div class=\"elementor-spacer\">\n\t\t\t<div class=\"elementor-spacer-inner\"><\/div>\n\t\t<\/div>\n\t\t\t\t\t\t<\/div>\n\t\t\t\t<\/div>\n\t\t\t\t\t<\/div>\n\t\t\t\t<\/div>\n\t\t<div class=\"elementor-element elementor-element-13924df e-flex e-con-boxed e-con e-parent\" data-id=\"13924df\" data-element_type=\"container\" data-e-type=\"container\">\n\t\t\t\t\t<div class=\"e-con-inner\">\n\t\t<div class=\"elementor-element elementor-element-8d402db e-con-full e-flex e-con e-child\" data-id=\"8d402db\" data-element_type=\"container\" data-e-type=\"container\">\n\t\t\t\t<div class=\"elementor-element elementor-element-dee8533 elementor-widget__width-initial elementor-widget elementor-widget-text-editor\" data-id=\"dee8533\" data-element_type=\"widget\" data-e-type=\"widget\" data-widget_type=\"text-editor.default\">\n\t\t\t\t<div class=\"elementor-widget-container\">\n\t\t\t\t\t\t\t\t\t<p><strong>Movich Hotels<\/strong>\u00a0is your best choice for successfully organizing all your social and corporate events. Our hotels not only boast charmingly designed spaces, but also event rooms designed to host all kinds of events, technological equipment, delicious cuisine, and a team of professionals dedicated to taking care of your guests.<\/p><p>Click on the city of your choice and learn more about our classrooms.<\/p>\t\t\t\t\t\t\t\t<\/div>\n\t\t\t\t<\/div>\n\t\t\t\t<\/div>\n\t\t<div class=\"elementor-element elementor-element-6efc994 e-con-full elementor-hidden-mobile e-flex e-con e-child\" data-id=\"6efc994\" data-element_type=\"container\" data-e-type=\"container\">\n\t\t\t\t<div class=\"elementor-element elementor-element-6f9d33b elementor-widget elementor-widget-thim-ekits-heading\" data-id=\"6f9d33b\" data-element_type=\"widget\" data-e-type=\"widget\" data-widget_type=\"thim-ekits-heading.default\">\n\t\t\t\t<div class=\"elementor-widget-container\">\n\t\t\t\t\t<div class=\"thim-ekits-heading thim-ekit__heading\"><p class=\"title\">Call us: <span>+57 (601) 482 4466<\/span><\/p><\/div>\t\t\t\t<\/div>\n\t\t\t\t<\/div>\n\t\t\t\t<div class=\"elementor-element elementor-element-01ef9bd elementor-widget elementor-widget-thim-ekits-heading\" data-id=\"01ef9bd\" data-element_type=\"widget\" data-e-type=\"widget\" data-widget_type=\"thim-ekits-heading.default\">\n\t\t\t\t<div class=\"elementor-widget-container\">\n\t\t\t\t\t<div class=\"thim-ekits-heading thim-ekit__heading\"><p class=\"title\">Write to us: <span>eventos@movichhotels.com<\/span><\/p><\/div>\t\t\t\t<\/div>\n\t\t\t\t<\/div>\n\t\t\t\t<div class=\"elementor-element elementor-element-710729f elementor-widget elementor-widget-thim-ekits-heading\" data-id=\"710729f\" data-element_type=\"widget\" data-e-type=\"widget\" data-widget_type=\"thim-ekits-heading.default\">\n\t\t\t\t<div class=\"elementor-widget-container\">\n\t\t\t\t\t<div class=\"thim-ekits-heading thim-ekit__heading\"><p class=\"title\">Get a quote for your event <span><a href=\"https:\/\/www.movichhotels.com\/en\/cotiza-tu-evento\/\">here<\/a><\/span><\/p><\/div>\t\t\t\t<\/div>\n\t\t\t\t<\/div>\n\t\t\t\t<\/div>\n\t\t\t\t\t<\/div>\n\t\t\t\t<\/div>\n\t\t<div class=\"elementor-element elementor-element-ed707ab e-flex e-con-boxed e-con e-parent\" data-id=\"ed707ab\" data-element_type=\"container\" data-e-type=\"container\">\n\t\t\t\t\t<div class=\"e-con-inner\">\n\t\t<div class=\"elementor-element elementor-element-e329c37 e-con-full e-flex e-con e-child\" data-id=\"e329c37\" data-element_type=\"container\" data-e-type=\"container\">\n\t\t\t\t<div class=\"elementor-element elementor-element-37815e6 elementor-widget elementor-widget-image\" data-id=\"37815e6\" data-element_type=\"widget\" data-e-type=\"widget\" data-widget_type=\"image.default\">\n\t\t\t\t<div class=\"elementor-widget-container\">\n\t\t\t\t\t\t\t\t\t\t\t\t\t\t\t\t<a href=\"\/en\/eventos\/bogota\/\">\n\t\t\t\t\t\t\t<img fetchpriority=\"high\" decoding=\"async\" width=\"500\" height=\"500\" src=\"https:\/\/www.movichhotels.com\/wp-content\/uploads\/2025\/09\/eventos-Buro26.webp\" class=\"attachment-large size-large wp-image-14815\" alt=\"eventos-Buro26\" srcset=\"https:\/\/www.movichhotels.com\/wp-content\/uploads\/2025\/09\/eventos-Buro26.webp 500w, https:\/\/www.movichhotels.com\/wp-content\/uploads\/2025\/09\/eventos-Buro26-300x300.webp 300w, https:\/\/www.movichhotels.com\/wp-content\/uploads\/2025\/09\/eventos-Buro26-150x150.webp 150w, https:\/\/www.movichhotels.com\/wp-content\/uploads\/2025\/09\/eventos-Buro26-12x12.webp 12w\" sizes=\"(max-width: 500px) 100vw, 500px\" title=\"\">\t\t\t\t\t\t\t\t<\/a>\n\t\t\t\t\t\t\t\t\t\t\t\t\t\t\t<\/div>\n\t\t\t\t<\/div>\n\t\t\t\t<\/div>\n\t\t<div class=\"elementor-element elementor-element-9b9e3e6 e-con-full e-flex e-con e-child\" data-id=\"9b9e3e6\" data-element_type=\"container\" data-e-type=\"container\">\n\t\t\t\t<div class=\"elementor-element elementor-element-1e54772 elementor-widget elementor-widget-image\" data-id=\"1e54772\" data-element_type=\"widget\" data-e-type=\"widget\" data-widget_type=\"image.default\">\n\t\t\t\t<div class=\"elementor-widget-container\">\n\t\t\t\t\t\t\t\t\t\t\t\t\t\t\t\t<a href=\"\/en\/eventos\/barranquilla\/\">\n\t\t\t\t\t\t\t<img decoding=\"async\" width=\"500\" height=\"500\" src=\"https:\/\/www.movichhotels.com\/wp-content\/uploads\/2025\/09\/eventos-Buro51.webp\" class=\"attachment-large size-large wp-image-14816\" alt=\"eventos-Buro51\" srcset=\"https:\/\/www.movichhotels.com\/wp-content\/uploads\/2025\/09\/eventos-Buro51.webp 500w, https:\/\/www.movichhotels.com\/wp-content\/uploads\/2025\/09\/eventos-Buro51-300x300.webp 300w, https:\/\/www.movichhotels.com\/wp-content\/uploads\/2025\/09\/eventos-Buro51-150x150.webp 150w, https:\/\/www.movichhotels.com\/wp-content\/uploads\/2025\/09\/eventos-Buro51-12x12.webp 12w\" sizes=\"(max-width: 500px) 100vw, 500px\" title=\"\">\t\t\t\t\t\t\t\t<\/a>\n\t\t\t\t\t\t\t\t\t\t\t\t\t\t\t<\/div>\n\t\t\t\t<\/div>\n\t\t\t\t<\/div>\n\t\t<div class=\"elementor-element elementor-element-20b2fcb e-con-full e-flex e-con e-child\" data-id=\"20b2fcb\" data-element_type=\"container\" data-e-type=\"container\">\n\t\t\t\t<div class=\"elementor-element elementor-element-9fff69a elementor-widget elementor-widget-image\" data-id=\"9fff69a\" data-element_type=\"widget\" data-e-type=\"widget\" data-widget_type=\"image.default\">\n\t\t\t\t<div class=\"elementor-widget-container\">\n\t\t\t\t\t\t\t\t\t\t\t\t\t\t\t\t<a href=\"\/en\/eventos\/cartagena\/\">\n\t\t\t\t\t\t\t<img decoding=\"async\" width=\"500\" height=\"500\" src=\"https:\/\/www.movichhotels.com\/wp-content\/uploads\/2025\/09\/eventos-Cartagena.webp\" class=\"attachment-large size-large wp-image-14817\" alt=\"eventos-Cartagena\" srcset=\"https:\/\/www.movichhotels.com\/wp-content\/uploads\/2025\/09\/eventos-Cartagena.webp 500w, https:\/\/www.movichhotels.com\/wp-content\/uploads\/2025\/09\/eventos-Cartagena-300x300.webp 300w, https:\/\/www.movichhotels.com\/wp-content\/uploads\/2025\/09\/eventos-Cartagena-150x150.webp 150w, https:\/\/www.movichhotels.com\/wp-content\/uploads\/2025\/09\/eventos-Cartagena-12x12.webp 12w\" sizes=\"(max-width: 500px) 100vw, 500px\" title=\"\">\t\t\t\t\t\t\t\t<\/a>\n\t\t\t\t\t\t\t\t\t\t\t\t\t\t\t<\/div>\n\t\t\t\t<\/div>\n\t\t\t\t<\/div>\n\t\t<div class=\"elementor-element elementor-element-a5c19ae e-con-full e-flex e-con e-child\" data-id=\"a5c19ae\" data-element_type=\"container\" data-e-type=\"container\">\n\t\t\t\t<div class=\"elementor-element elementor-element-88e70e5 elementor-widget elementor-widget-image\" data-id=\"88e70e5\" data-element_type=\"widget\" data-e-type=\"widget\" data-widget_type=\"image.default\">\n\t\t\t\t<div class=\"elementor-widget-container\">\n\t\t\t\t\t\t\t\t\t\t\t\t\t\t\t\t<a href=\"\/en\/eventos\/cali\/\">\n\t\t\t\t\t\t\t<img loading=\"lazy\" decoding=\"async\" width=\"500\" height=\"500\" src=\"https:\/\/www.movichhotels.com\/wp-content\/uploads\/2025\/09\/eventos-CasadelAlferez.webp\" class=\"attachment-large size-large wp-image-14818\" alt=\"eventos-CasadelAlferez\" srcset=\"https:\/\/www.movichhotels.com\/wp-content\/uploads\/2025\/09\/eventos-CasadelAlferez.webp 500w, https:\/\/www.movichhotels.com\/wp-content\/uploads\/2025\/09\/eventos-CasadelAlferez-300x300.webp 300w, https:\/\/www.movichhotels.com\/wp-content\/uploads\/2025\/09\/eventos-CasadelAlferez-150x150.webp 150w, https:\/\/www.movichhotels.com\/wp-content\/uploads\/2025\/09\/eventos-CasadelAlferez-12x12.webp 12w\" sizes=\"(max-width: 500px) 100vw, 500px\" title=\"\">\t\t\t\t\t\t\t\t<\/a>\n\t\t\t\t\t\t\t\t\t\t\t\t\t\t\t<\/div>\n\t\t\t\t<\/div>\n\t\t\t\t<\/div>\n\t\t\t\t\t<\/div>\n\t\t\t\t<\/div>\n\t\t<div class=\"elementor-element elementor-element-b894a6d e-flex e-con-boxed e-con e-parent\" data-id=\"b894a6d\" data-element_type=\"container\" data-e-type=\"container\">\n\t\t\t\t\t<div class=\"e-con-inner\">\n\t\t<div class=\"elementor-element elementor-element-70d56bc e-con-full e-flex e-con e-child\" data-id=\"70d56bc\" data-element_type=\"container\" data-e-type=\"container\">\n\t\t\t\t<div class=\"elementor-element elementor-element-b9210ee elementor-widget elementor-widget-image\" data-id=\"b9210ee\" data-element_type=\"widget\" data-e-type=\"widget\" data-widget_type=\"image.default\">\n\t\t\t\t<div class=\"elementor-widget-container\">\n\t\t\t\t\t\t\t\t\t\t\t\t\t\t\t\t<a href=\"\/en\/eventos\/medellin\/\">\n\t\t\t\t\t\t\t<img loading=\"lazy\" decoding=\"async\" width=\"500\" height=\"500\" src=\"https:\/\/www.movichhotels.com\/wp-content\/uploads\/2025\/09\/eventos-Intercontinetal-Medellin.webp\" class=\"attachment-large size-large wp-image-14819\" alt=\"eventos-Intercontinetal-Medellin\" srcset=\"https:\/\/www.movichhotels.com\/wp-content\/uploads\/2025\/09\/eventos-Intercontinetal-Medellin.webp 500w, https:\/\/www.movichhotels.com\/wp-content\/uploads\/2025\/09\/eventos-Intercontinetal-Medellin-300x300.webp 300w, https:\/\/www.movichhotels.com\/wp-content\/uploads\/2025\/09\/eventos-Intercontinetal-Medellin-150x150.webp 150w, https:\/\/www.movichhotels.com\/wp-content\/uploads\/2025\/09\/eventos-Intercontinetal-Medellin-12x12.webp 12w\" sizes=\"(max-width: 500px) 100vw, 500px\" title=\"\">\t\t\t\t\t\t\t\t<\/a>\n\t\t\t\t\t\t\t\t\t\t\t\t\t\t\t<\/div>\n\t\t\t\t<\/div>\n\t\t\t\t<\/div>\n\t\t<div class=\"elementor-element elementor-element-c60ab21 e-con-full e-flex e-con e-child\" data-id=\"c60ab21\" data-element_type=\"container\" data-e-type=\"container\">\n\t\t\t\t<div class=\"elementor-element elementor-element-7ded0a0 elementor-widget elementor-widget-image\" data-id=\"7ded0a0\" data-element_type=\"widget\" data-e-type=\"widget\" data-widget_type=\"image.default\">\n\t\t\t\t<div class=\"elementor-widget-container\">\n\t\t\t\t\t\t\t\t\t\t\t\t\t\t\t\t<a href=\"\/en\/eventos\/rionegro\/\">\n\t\t\t\t\t\t\t<img loading=\"lazy\" decoding=\"async\" width=\"500\" height=\"500\" src=\"https:\/\/www.movichhotels.com\/wp-content\/uploads\/2025\/09\/eventos-Las-Lomas.webp\" class=\"attachment-large size-large wp-image-14820\" alt=\"eventos-Las-Lomas\" srcset=\"https:\/\/www.movichhotels.com\/wp-content\/uploads\/2025\/09\/eventos-Las-Lomas.webp 500w, https:\/\/www.movichhotels.com\/wp-content\/uploads\/2025\/09\/eventos-Las-Lomas-300x300.webp 300w, https:\/\/www.movichhotels.com\/wp-content\/uploads\/2025\/09\/eventos-Las-Lomas-150x150.webp 150w, https:\/\/www.movichhotels.com\/wp-content\/uploads\/2025\/09\/eventos-Las-Lomas-12x12.webp 12w\" sizes=\"(max-width: 500px) 100vw, 500px\" title=\"\">\t\t\t\t\t\t\t\t<\/a>\n\t\t\t\t\t\t\t\t\t\t\t\t\t\t\t<\/div>\n\t\t\t\t<\/div>\n\t\t\t\t<\/div>\n\t\t<div class=\"elementor-element elementor-element-5e3470a e-con-full e-flex e-con e-child\" data-id=\"5e3470a\" data-element_type=\"container\" data-e-type=\"container\">\n\t\t\t\t<div class=\"elementor-element elementor-element-9386374 elementor-widget elementor-widget-image\" data-id=\"9386374\" data-element_type=\"widget\" data-e-type=\"widget\" data-widget_type=\"image.default\">\n\t\t\t\t<div class=\"elementor-widget-container\">\n\t\t\t\t\t\t\t\t\t\t\t\t\t\t\t\t<a href=\"\/en\/eventos\/pereira\/\">\n\t\t\t\t\t\t\t<img loading=\"lazy\" decoding=\"async\" width=\"500\" height=\"500\" src=\"https:\/\/www.movichhotels.com\/wp-content\/uploads\/2025\/09\/eventos-Pereira.webp\" class=\"attachment-large size-large wp-image-14821\" alt=\"eventos-Pereira\" srcset=\"https:\/\/www.movichhotels.com\/wp-content\/uploads\/2025\/09\/eventos-Pereira.webp 500w, https:\/\/www.movichhotels.com\/wp-content\/uploads\/2025\/09\/eventos-Pereira-300x300.webp 300w, https:\/\/www.movichhotels.com\/wp-content\/uploads\/2025\/09\/eventos-Pereira-150x150.webp 150w, https:\/\/www.movichhotels.com\/wp-content\/uploads\/2025\/09\/eventos-Pereira-12x12.webp 12w\" sizes=\"(max-width: 500px) 100vw, 500px\" title=\"\">\t\t\t\t\t\t\t\t<\/a>\n\t\t\t\t\t\t\t\t\t\t\t\t\t\t\t<\/div>\n\t\t\t\t<\/div>\n\t\t\t\t<\/div>\n\t\t\t\t\t<\/div>\n\t\t\t\t<\/div>\n\t\t<div class=\"elementor-element elementor-element-6d94679 e-flex e-con-boxed e-con e-parent\" data-id=\"6d94679\" data-element_type=\"container\" data-e-type=\"container\">\n\t\t\t\t\t<div class=\"e-con-inner\">\n\t\t\t\t<div class=\"elementor-element elementor-element-f5b3316 elementor-widget elementor-widget-spacer\" data-id=\"f5b3316\" data-element_type=\"widget\" data-e-type=\"widget\" data-widget_type=\"spacer.default\">\n\t\t\t\t<div class=\"elementor-widget-container\">\n\t\t\t\t\t\t\t<div class=\"elementor-spacer\">\n\t\t\t<div class=\"elementor-spacer-inner\"><\/div>\n\t\t<\/div>\n\t\t\t\t\t\t<\/div>\n\t\t\t\t<\/div>\n\t\t\t\t\t<\/div>\n\t\t\t\t<\/div>\n\t\t\t\t<\/div>","protected":false},"excerpt":{"rendered":"<p>Movich Hotels\u00a0es su mejor elecci\u00f3n para organizar con \u00e9xito todos sus eventos sociales y corporativos. Nuestros hoteles no s\u00f3lo cuentan con el encanto del dise\u00f1o de sus espacios, sino adem\u00e1s con salones de eventos pensados para celebrar toda clase de eventos, equipamiento tecnol\u00f3gico, servicios de deliciosa gastronom\u00eda y un equipo de profesionales dedicado a cuidar [&hellip;]<\/p>\n","protected":false},"author":1,"featured_media":0,"parent":0,"menu_order":0,"comment_status":"closed","ping_status":"closed","template":"elementor_header_footer","meta":{"footnotes":""},"class_list":["post-9082","page","type-page","status-publish","hentry"],"_links":{"self":[{"href":"https:\/\/www.movichhotels.com\/en\/wp-json\/wp\/v2\/pages\/9082","targetHints":{"allow":["GET"]}}],"collection":[{"href":"https:\/\/www.movichhotels.com\/en\/wp-json\/wp\/v2\/pages"}],"about":[{"href":"https:\/\/www.movichhotels.com\/en\/wp-json\/wp\/v2\/types\/page"}],"author":[{"embeddable":true,"href":"https:\/\/www.movichhotels.com\/en\/wp-json\/wp\/v2\/users\/1"}],"replies":[{"embeddable":true,"href":"https:\/\/www.movichhotels.com\/en\/wp-json\/wp\/v2\/comments?post=9082"}],"version-history":[{"count":108,"href":"https:\/\/www.movichhotels.com\/en\/wp-json\/wp\/v2\/pages\/9082\/revisions"}],"predecessor-version":[{"id":17737,"href":"https:\/\/www.movichhotels.com\/en\/wp-json\/wp\/v2\/pages\/9082\/revisions\/17737"}],"wp:attachment":[{"href":"https:\/\/www.movichhotels.com\/en\/wp-json\/wp\/v2\/media?parent=9082"}],"curies":[{"name":"wp","href":"https:\/\/api.w.org\/{rel}","templated":true}]}}